{"id":5344,"date":"2022-12-30T23:43:14","date_gmt":"2022-12-30T22:43:14","guid":{"rendered":"https:\/\/j-was-here.com\/de\/?page_id=5344"},"modified":"2023-03-30T22:24:47","modified_gmt":"2023-03-30T20:24:47","slug":"zuhause-hausbau-inneneinrichtung-design-kreativ","status":"publish","type":"page","link":"https:\/\/j-was-here.com\/de\/zuhause-hausbau-inneneinrichtung-design-kreativ\/","title":{"rendered":"Zuhause"},"content":{"rendered":"\n<h2 class=\"wp-block-heading\">Die Anlaufstelle f\u00fcr alles, was Haus und Garten, Inneneinrichtung und kreativen Freiraum angeht<\/h2>\n\n\n\n<p>Was tun, wenn man zu Hause bleibt statt zu verreisen? Na klar, man macht es sich dort sch\u00f6n! Ob uns gerade eine Pandemie daran hindert, oder ob man aus anderen Gr\u00fcnden daheim bleibt: Mit viel Liebe zum Detail zeigt Julia hier in Zukunft den ein oder anderen Trick, um das eigene Zuhause durchzustylen.<\/p>\n\n\n\n<p>Egal, ob es auf gro\u00dfer Ebene die Planung des eigenen Hauses ist, oder ob es die letzten Tricks und Kniffe sind, wie das Wohlbefinden mit in euer Zuhause einzieht.<\/p>\n\n\n\n<p>Baut ihr selbst, renoviert was das Zeug h\u00e4lt, oder restauriert ihr sogar? Selbst, wenn ihr einfach nur eine Kleinigkeit umgestalten wollt: dies ist eure Anlaufstelle.<\/p>\n\n\n\n<hr class=\"wp-block-separator has-alpha-channel-opacity\" style=\"margin-top:var(--wp--preset--spacing--50);margin-bottom:var(--wp--preset--spacing--50)\"\/>\n\n\n\n<div class=\"wp-block-group alignfull is-style-no-spacing has-background-light-background-color has-background is-layout-constrained wp-container-core-group-is-layout-1 wp-block-group-is-layout-constrained\" style=\"padding-top:70px;padding-bottom:60px\">\n<p class=\"has-text-align-center ona-text-letter-spacing has-foreground-color has-text-color has-tiny-font-size\">AKTUELL LIVE<\/p>\n\n\n\n<div class=\"wp-block-columns is-layout-flex wp-container-core-columns-is-layout-1 wp-block-columns-is-layout-flex\">\n<div class=\"wp-block-column is-layout-flow wp-block-column-is-layout-flow\">\n<div class=\"wp-block-cover hover-scale\"><span aria-hidden=\"true\" class=\"wp-block-cover__background has-background-dim-0 has-background-dim\"><\/span><img decoding=\"async\" width=\"2560\" height=\"1707\" class=\"wp-block-cover__image-background wp-image-3915 lazyload\" alt=\"Zuhause, Hausbau\" data-src=\"https:\/\/j-was-here.com\/de\/wp-content\/uploads\/sites\/7\/1803_Ireland\/1803_IRE_00055-6-scaled.jpg\" style=\"--smush-placeholder-width: 2560px; --smush-placeholder-aspect-ratio: 2560\/1707;object-position:0% 60%\" data-object-fit=\"cover\" data-object-position=\"0% 60%\" data-srcset=\"https:\/\/j-was-here.com\/de\/wp-content\/uploads\/sites\/7\/1803_Ireland\/1803_IRE_00055-6-scaled.jpg 2560w, https:\/\/j-was-here.com\/de\/wp-content\/uploads\/sites\/7\/1803_Ireland\/1803_IRE_00055-6-300x200.jpg 300w, https:\/\/j-was-here.com\/de\/wp-content\/uploads\/sites\/7\/1803_Ireland\/1803_IRE_00055-6-1024x683.jpg 1024w, https:\/\/j-was-here.com\/de\/wp-content\/uploads\/sites\/7\/1803_Ireland\/1803_IRE_00055-6-768x512.jpg 768w, https:\/\/j-was-here.com\/de\/wp-content\/uploads\/sites\/7\/1803_Ireland\/1803_IRE_00055-6-1536x1024.jpg 1536w, https:\/\/j-was-here.com\/de\/wp-content\/uploads\/sites\/7\/1803_Ireland\/1803_IRE_00055-6-2048x1365.jpg 2048w, https:\/\/j-was-here.com\/de\/wp-content\/uploads\/sites\/7\/1803_Ireland\/1803_IRE_00055-6-1170x780.jpg 1170w\" data-sizes=\"(max-width: 2560px) 100vw, 2560px\" src=\"data:image\/svg+xml;base64,PHN2ZyB3aWR0aD0iMSIgaGVpZ2h0PSIxIiB4bWxucz0iaHR0cDovL3d3dy53My5vcmcvMjAwMC9zdmciPjwvc3ZnPg==\" \/><div class=\"wp-block-cover__inner-container is-layout-flow wp-block-cover-is-layout-flow\">\n<div class=\"wp-block-buttons is-horizontal is-content-justification-center is-layout-flex wp-container-core-buttons-is-layout-1 wp-block-buttons-is-layout-flex\">\n<div class=\"wp-block-button has-custom-width wp-block-button__width-50 has-custom-font-size is-style-fill has-base-font-family has-tiny-font-size\"><a class=\"wp-block-button__link wp-element-button\" href=\"https:\/\/j-was-here.com\/de\/zuhause-hausbau-inneneinrichtung-design-kreativ\/hausbau-mit-viebrock\/\" style=\"padding-top:16px;padding-bottom:16px\">HAUSBAU<\/a><\/div>\n<\/div>\n<\/div><\/div>\n\n\n\n<div style=\"height:20px\" aria-hidden=\"true\" class=\"wp-block-spacer\"><\/div>\n<\/div>\n\n\n\n<div class=\"wp-block-column is-layout-flow wp-block-column-is-layout-flow\">\n<div class=\"wp-block-cover is-light hover-scale\"><span aria-hidden=\"true\" class=\"wp-block-cover__background has-background-dim-0 has-background-dim\"><\/span><img decoding=\"async\" width=\"2560\" height=\"1707\" class=\"wp-block-cover__image-background wp-image-4887 lazyload\" alt=\"Tagesausflug nach Chatsworth House, Bakewell, England, UK, Europa\" data-src=\"https:\/\/j-was-here.com\/de\/wp-content\/uploads\/sites\/7\/2205_UK-Roadtrip\/220526_UK_CH_00027-10-scaled.jpg\" data-object-fit=\"cover\" data-srcset=\"https:\/\/j-was-here.com\/de\/wp-content\/uploads\/sites\/7\/2205_UK-Roadtrip\/220526_UK_CH_00027-10-scaled.jpg 2560w, https:\/\/j-was-here.com\/de\/wp-content\/uploads\/sites\/7\/2205_UK-Roadtrip\/220526_UK_CH_00027-10-300x200.jpg 300w, https:\/\/j-was-here.com\/de\/wp-content\/uploads\/sites\/7\/2205_UK-Roadtrip\/220526_UK_CH_00027-10-1024x683.jpg 1024w, https:\/\/j-was-here.com\/de\/wp-content\/uploads\/sites\/7\/2205_UK-Roadtrip\/220526_UK_CH_00027-10-768x512.jpg 768w, https:\/\/j-was-here.com\/de\/wp-content\/uploads\/sites\/7\/2205_UK-Roadtrip\/220526_UK_CH_00027-10-1536x1024.jpg 1536w, https:\/\/j-was-here.com\/de\/wp-content\/uploads\/sites\/7\/2205_UK-Roadtrip\/220526_UK_CH_00027-10-2048x1365.jpg 2048w, https:\/\/j-was-here.com\/de\/wp-content\/uploads\/sites\/7\/2205_UK-Roadtrip\/220526_UK_CH_00027-10-1170x780.jpg 1170w\" data-sizes=\"(max-width: 2560px) 100vw, 2560px\" src=\"data:image\/svg+xml;base64,PHN2ZyB3aWR0aD0iMSIgaGVpZ2h0PSIxIiB4bWxucz0iaHR0cDovL3d3dy53My5vcmcvMjAwMC9zdmciPjwvc3ZnPg==\" style=\"--smush-placeholder-width: 2560px; --smush-placeholder-aspect-ratio: 2560\/1707;\" \/><div class=\"wp-block-cover__inner-container is-layout-flow wp-block-cover-is-layout-flow\">\n<div class=\"wp-block-buttons is-horizontal is-content-justification-center is-layout-flex wp-container-core-buttons-is-layout-2 wp-block-buttons-is-layout-flex\">\n<div class=\"wp-block-button has-custom-width wp-block-button__width-50 has-custom-font-size is-style-fill has-base-font-family has-tiny-font-size\"><a class=\"wp-block-button__link wp-element-button\" href=\"https:\/\/j-was-here.com\/de\/category\/zuhause\/inneneinrichtung\/\" style=\"padding-top:16px;padding-bottom:16px\">INNENEINRICHTUNG<\/a><\/div>\n<\/div>\n<\/div><\/div>\n\n\n\n<div style=\"height:20px\" aria-hidden=\"true\" class=\"wp-block-spacer\"><\/div>\n<\/div>\n<\/div>\n<\/div>\n\n\n\n<div class=\"wp-block-group alignwide is-layout-constrained wp-block-group-is-layout-constrained\">\n<div class=\"wp-block-group alignwide is-layout-constrained wp-block-group-is-layout-constrained\">\n<div class=\"wp-block-group alignwide is-layout-constrained wp-block-group-is-layout-constrained\">\n<div class=\"wp-block-group alignwide is-layout-constrained wp-block-group-is-layout-constrained\">\n<h2 class=\"has-text-align-center has-alt-font-family has-medium-large-font-size wp-block-heading\" style=\"padding-top:var(--wp--preset--spacing--40);padding-right:var(--wp--preset--spacing--40);padding-bottom:var(--wp--preset--spacing--40);padding-left:var(--wp--preset--spacing--40)\">Aktuelles vom Hausbau<\/h2>\n\n\n\n<p class=\"has-text-align-center\">Vom baumbestandenen Baugrundst\u00fcck angefangen k\u00f6nnt ihr beim Neubau &#8222;live&#8220; dabei sein oder Julias und Daniels Erfahrungen vor und w\u00e4hrend des Hausbaus als Ratgeber f\u00fcr die eigenen \u00dcberlegungen nehmen.<\/p>\n\n\n\n<div class=\"wp-block-group alignwide is-nowrap is-layout-flex wp-container-core-group-is-layout-2 wp-block-group-is-layout-flex\"><ul class=\"wp-block-latest-posts__list is-grid columns-4 wp-block-latest-posts\"><li><a class=\"wp-block-latest-posts__post-title\" href=\"https:\/\/j-was-here.com\/de\/zuhause\/hausbau-mit-viebrock\/endabnahme-bei-viebrockhaus-danach-kommen-unsere-eigenleistungen\/\">Endabnahme bei Viebrockhaus &#8211; Danach kommen unsere Eigenleistungen: Bautagebuch #17<\/a><\/li>\n<li><a class=\"wp-block-latest-posts__post-title\" href=\"https:\/\/j-was-here.com\/de\/zuhause\/hausbau-mit-viebrock\/bauphase\/vorabnahme-bei-viebrockhaus-bautagebuch-16\/\">Vorabnahme bei Viebrockhaus: Bautagebuch #16<\/a><\/li>\n<li><a class=\"wp-block-latest-posts__post-title\" href=\"https:\/\/j-was-here.com\/de\/zuhause\/hausbau-mit-viebrock\/versorgungsleitungen-neubau-bauherren-pflichten-bauseits\/\">Versorgungsleitungen Neubau: Bauherren-Pflichten \u201ebauseits\u201c: Bautagebuch #15<\/a><\/li>\n<li><div class=\"wp-block-latest-posts__featured-image\"><img decoding=\"async\" width=\"150\" height=\"150\" data-src=\"https:\/\/j-was-here.com\/de\/wp-content\/uploads\/sites\/7\/2023\/03\/IMG_0306-150x150.jpg\" class=\"attachment-thumbnail size-thumbnail wp-post-image lazyload\" alt=\"St\u00e4nderwerk, Trockenbau mit ViebroPlan\" src=\"data:image\/svg+xml;base64,PHN2ZyB3aWR0aD0iMSIgaGVpZ2h0PSIxIiB4bWxucz0iaHR0cDovL3d3dy53My5vcmcvMjAwMC9zdmciPjwvc3ZnPg==\" style=\"--smush-placeholder-width: 150px; --smush-placeholder-aspect-ratio: 150\/150;\" \/><\/div><a class=\"wp-block-latest-posts__post-title\" href=\"https:\/\/j-was-here.com\/de\/zuhause\/hausbau-mit-viebrock\/bauphase\/trockenbau-mit-viebroplan-beginnt-neuer-bauleiter\/\">Bautagebuch #14: Trockenbau mit Viebroplan beginnt + neuer Bauleiter<\/a><\/li>\n<\/ul><\/div>\n<\/div>\n<\/div>\n<\/div>\n<\/div>\n\n\n\n<div class=\"wp-block-group alignfull is-layout-constrained wp-block-group-is-layout-constrained\">\n<div class=\"wp-block-group alignfull is-layout-constrained wp-block-group-is-layout-constrained\">\n<div class=\"wp-block-group alignfull is-layout-constrained wp-block-group-is-layout-constrained\">\n<div class=\"wp-block-group alignfull is-layout-constrained wp-block-group-is-layout-constrained\">\n<div class=\"wp-block-group alignfull is-layout-constrained wp-block-group-is-layout-constrained\">\n<div class=\"wp-block-group alignfull has-text-lighter-background-color has-background is-layout-constrained wp-block-group-is-layout-constrained\">\n<h2 class=\"alignfull has-text-align-center has-text-lighter-background-color has-background has-alt-font-family has-medium-large-font-size wp-block-heading\" style=\"padding-top:var(--wp--preset--spacing--40);padding-right:var(--wp--preset--spacing--40);padding-bottom:var(--wp--preset--spacing--40);padding-left:var(--wp--preset--spacing--40)\">Inspiration zur Inneneinrichtung<\/h2>\n\n\n\n<div class=\"wp-block-columns is-layout-flex wp-container-core-columns-is-layout-2 wp-block-columns-is-layout-flex\">\n<div class=\"wp-block-column is-vertically-aligned-center is-layout-flow wp-block-column-is-layout-flow\">\n<p>Wenn die H\u00fctte schon steht, holt euch doch einfach Inspiration f\u00fcr euer eigenes Zuhause &#8211; von der Inneneinrichtung bis hin zum kleinsten Detail in der Deko. Das alles hat k\u00fcnftig an dieser Stelle seinen Platz.<\/p>\n<\/div>\n\n\n\n<div class=\"wp-block-column is-layout-flow wp-block-column-is-layout-flow\"><ul class=\"wp-block-latest-posts__list wp-block-latest-posts\"><li><a class=\"wp-block-latest-posts__post-title\" href=\"https:\/\/j-was-here.com\/de\/familie\/stil-im-kinderzimmer-skandinavisches-minimalistisches-design\/\">Stil im Kinderzimmer: Skandinavisches, minimalistisches Design<\/a><\/li>\n<li><a class=\"wp-block-latest-posts__post-title\" href=\"https:\/\/j-was-here.com\/de\/zuhause\/inneneinrichtung\/kinderzimmer-einrichtung\/\">Zeitlose und mitwachsende Kinderzimmer-Einrichtung<\/a><\/li>\n<li><a class=\"wp-block-latest-posts__post-title\" href=\"https:\/\/j-was-here.com\/de\/zuhause\/inneneinrichtung\/hausflur-einrichtung\/\">Hausflur-Einrichtung ohne Chaos, aber kindgerecht<\/a><\/li>\n<li><a class=\"wp-block-latest-posts__post-title\" href=\"https:\/\/j-was-here.com\/de\/zuhause\/inneneinrichtung\/wohnzimmer-einrichtung\/\">Wohnzimmer-Einrichtung im Scandi Industrial Stil<\/a><\/li>\n<li><a class=\"wp-block-latest-posts__post-title\" href=\"https:\/\/j-was-here.com\/de\/zuhause\/hausbau-mit-viebrock\/planungsphase\/einrichtung-esszimmer-und-kueche\/\">Einrichtung f\u00fcr Esszimmer und K\u00fcche im Scandi Industrial Stil<\/a><\/li>\n<\/ul><\/div>\n<\/div>\n<\/div>\n<\/div>\n<\/div>\n<\/div>\n<\/div>\n<\/div>\n\n\n\n<div class=\"wp-block-group alignwide has-secondary-background-color has-background is-layout-constrained wp-container-core-group-is-layout-14 wp-block-group-is-layout-constrained\" style=\"padding-top:110px;padding-right:1.5rem;padding-bottom:110px;padding-left:1.5rem\">\n<div class=\"wp-block-columns is-layout-flex wp-container-core-columns-is-layout-3 wp-block-columns-is-layout-flex\" style=\"padding-top:0px;padding-right:0px;padding-bottom:0px;padding-left:0px\">\n<div class=\"wp-block-column is-layout-flow wp-block-column-is-layout-flow\">\n<div class=\"wp-block-group has-background-background-color has-background is-layout-flow wp-block-group-is-layout-flow\" style=\"padding-top:12%;padding-right:12%;padding-bottom:12%;padding-left:12%\">\n<h2 class=\"is-style-ona-alt-font has-primary-color has-text-color has-medium-large-font-size wp-block-heading\" id=\"my-travel-gear\" style=\"line-height:1.2\">Coming soon&#8230;<\/h2>\n\n\n\n<h2 class=\"has-medium-large-font-size wp-block-heading\" id=\"my-travel-gear\" style=\"line-height:1.2\">DYI Design<\/h2>\n\n\n\n<p>Man k\u00f6nnte auch sagen, dies hier wird die Bastel-Abteilung 2.0. Zu Julias &#8222;Bastel&#8220;-Utensilien geh\u00f6ren ein Plotter, der Cricut Maker 3, diverse Materialien daf\u00fcr, sowie ein Macbook Pro, ein iPad, eine Sony Alpha 7 III Kamera und nat\u00fcrlich ein gutes Software-Paket mit der Adobe Creative Cloud und Affinity.  <\/p>\n\n\n\n<h3 class=\"has-text-align-right is-style-ona-alt-font wp-block-heading\">Bald mehr!<\/h3>\n<\/div>\n<\/div>\n\n\n\n<div class=\"wp-block-column is-style-no-spacing is-layout-flow wp-block-column-is-layout-flow\">\n<div class=\"wp-block-cover is-light is-vertically-stretched\"><span aria-hidden=\"true\" class=\"wp-block-cover__background has-background-dim-0 has-background-dim\"><\/span><img decoding=\"async\" class=\"wp-block-cover__image-background wp-image-20 lazyload\" alt=\"\" data-src=\"https:\/\/j-was-here.com\/de\/wp-content\/themes\/ona\/assets\/img\/travel\/ona_travel_promo.jpg\" data-object-fit=\"cover\" src=\"data:image\/svg+xml;base64,PHN2ZyB3aWR0aD0iMSIgaGVpZ2h0PSIxIiB4bWxucz0iaHR0cDovL3d3dy53My5vcmcvMjAwMC9zdmciPjwvc3ZnPg==\" style=\"--smush-placeholder-width: 585px; --smush-placeholder-aspect-ratio: 585\/634;\" \/><div class=\"wp-block-cover__inner-container is-layout-flow wp-block-cover-is-layout-flow\">\n<p class=\"has-text-align-center has-large-font-size\"><\/p>\n<\/div><\/div>\n<\/div>\n<\/div>\n\n\n\n<p><\/p>\n<\/div>\n","protected":false},"excerpt":{"rendered":"<p>Die Anlaufstelle f\u00fcr alles, was Haus und Garten, Inneneinrichtung und kreativen Freiraum angeht Was tun, wenn man zu Hause bleibt statt zu verreisen? Na klar, man macht es sich dort sch\u00f6n! Ob uns gerade eine Pandemie daran hindert, oder ob man aus anderen Gr\u00fcnden daheim bleibt: Mit viel Liebe zum Detail zeigt Julia hier in [&hellip;]<\/p>\n","protected":false},"author":1,"featured_media":0,"parent":0,"menu_order":0,"comment_status":"closed","ping_status":"closed","template":"","meta":{"_trash_the_other_posts":false,"_sitemap_exclude":false,"_sitemap_priority":"","_sitemap_frequency":"","editor_notices":[],"footnotes":""},"_yoast_wpseo_content_score":"90","_yoast_wpseo_focuskw":"Zuhause","_yoast_wpseo_metadesc":"%%primary_category%% %%sep%% %%title%%. Wohnen, leben, DIY-Kreativit\u00e4t ausleben: Vom gr\u00f6\u00dften Bauprojekt bis ins detailreichste Deko-Element. Lest mehr","_yoast_wpseo_title":null,"yoast_head":"<!-- This site is optimized with the Yoast SEO plugin v24.5 - https:\/\/yoast.com\/wordpress\/plugins\/seo\/ -->\n<title>Zuhause - J WAS HERE<\/title>\n<meta name=\"description\" content=\"- Zuhause. Wohnen, leben, DIY-Kreativit\u00e4t ausleben: Vom gr\u00f6\u00dften Bauprojekt bis ins detailreichste Deko-Element. Lest mehr\" \/>\n<meta name=\"robots\" content=\"index, follow, max-snippet:-1, max-image-preview:large, max-video-preview:-1\" \/>\n<link rel=\"canonical\" href=\"https:\/\/j-was-here.com\/de\/zuhause-hausbau-inneneinrichtung-design-kreativ\/\" \/>\n<meta property=\"og:locale\" content=\"de_DE\" \/>\n<meta property=\"og:type\" content=\"article\" \/>\n<meta property=\"og:title\" content=\"Zuhause - J WAS HERE\" \/>\n<meta property=\"og:description\" content=\"- Zuhause. Wohnen, leben, DIY-Kreativit\u00e4t ausleben: Vom gr\u00f6\u00dften Bauprojekt bis ins detailreichste Deko-Element. Lest mehr\" \/>\n<meta property=\"og:url\" content=\"https:\/\/j-was-here.com\/de\/zuhause-hausbau-inneneinrichtung-design-kreativ\/\" \/>\n<meta property=\"og:site_name\" content=\"J WAS HERE\" \/>\n<meta property=\"article:modified_time\" content=\"2023-03-30T20:24:47+00:00\" \/>\n<meta property=\"og:image\" content=\"https:\/\/j-was-here.com\/de\/wp-content\/uploads\/sites\/7\/1803_Ireland\/1803_IRE_00055-6-scaled.jpg\" \/>\n<meta name=\"twitter:card\" content=\"summary_large_image\" \/>\n<meta name=\"twitter:label1\" content=\"Gesch\u00e4tzte Lesezeit\" \/>\n\t<meta name=\"twitter:data1\" content=\"2\u00a0Minuten\" \/>\n<script type=\"application\/ld+json\" class=\"yoast-schema-graph\">{\"@context\":\"https:\/\/schema.org\",\"@graph\":[{\"@type\":\"WebPage\",\"@id\":\"https:\/\/j-was-here.com\/de\/zuhause-hausbau-inneneinrichtung-design-kreativ\/\",\"url\":\"https:\/\/j-was-here.com\/de\/zuhause-hausbau-inneneinrichtung-design-kreativ\/\",\"name\":\"Zuhause - J WAS HERE\",\"isPartOf\":{\"@id\":\"https:\/\/j-was-here.com\/de\/#website\"},\"primaryImageOfPage\":{\"@id\":\"https:\/\/j-was-here.com\/de\/zuhause-hausbau-inneneinrichtung-design-kreativ\/#primaryimage\"},\"image\":{\"@id\":\"https:\/\/j-was-here.com\/de\/zuhause-hausbau-inneneinrichtung-design-kreativ\/#primaryimage\"},\"thumbnailUrl\":\"https:\/\/j-was-here.com\/de\/wp-content\/uploads\/sites\/7\/1803_Ireland\/1803_IRE_00055-6-scaled.jpg\",\"datePublished\":\"2022-12-30T22:43:14+00:00\",\"dateModified\":\"2023-03-30T20:24:47+00:00\",\"description\":\"- Zuhause. Wohnen, leben, DIY-Kreativit\u00e4t ausleben: Vom gr\u00f6\u00dften Bauprojekt bis ins detailreichste Deko-Element. Lest mehr\",\"breadcrumb\":{\"@id\":\"https:\/\/j-was-here.com\/de\/zuhause-hausbau-inneneinrichtung-design-kreativ\/#breadcrumb\"},\"inLanguage\":\"de\",\"potentialAction\":[{\"@type\":\"ReadAction\",\"target\":[\"https:\/\/j-was-here.com\/de\/zuhause-hausbau-inneneinrichtung-design-kreativ\/\"]}]},{\"@type\":\"ImageObject\",\"inLanguage\":\"de\",\"@id\":\"https:\/\/j-was-here.com\/de\/zuhause-hausbau-inneneinrichtung-design-kreativ\/#primaryimage\",\"url\":\"https:\/\/j-was-here.com\/de\/wp-content\/uploads\/sites\/7\/1803_Ireland\/1803_IRE_00055-6-scaled.jpg\",\"contentUrl\":\"https:\/\/j-was-here.com\/de\/wp-content\/uploads\/sites\/7\/1803_Ireland\/1803_IRE_00055-6-scaled.jpg\",\"width\":2560,\"height\":1707},{\"@type\":\"BreadcrumbList\",\"@id\":\"https:\/\/j-was-here.com\/de\/zuhause-hausbau-inneneinrichtung-design-kreativ\/#breadcrumb\",\"itemListElement\":[{\"@type\":\"ListItem\",\"position\":1,\"name\":\"Home\",\"item\":\"https:\/\/j-was-here.com\/de\/\"},{\"@type\":\"ListItem\",\"position\":2,\"name\":\"Zuhause\"}]},{\"@type\":\"WebSite\",\"@id\":\"https:\/\/j-was-here.com\/de\/#website\",\"url\":\"https:\/\/j-was-here.com\/de\/\",\"name\":\"J WAS HERE\",\"description\":\"family, home &amp; travel\",\"publisher\":{\"@id\":\"https:\/\/j-was-here.com\/de\/#\/schema\/person\/d06410cbae1d35fd8789fd46cc001923\"},\"alternateName\":\"Julia's travels\",\"potentialAction\":[{\"@type\":\"SearchAction\",\"target\":{\"@type\":\"EntryPoint\",\"urlTemplate\":\"https:\/\/j-was-here.com\/de\/?s={search_term_string}\"},\"query-input\":{\"@type\":\"PropertyValueSpecification\",\"valueRequired\":true,\"valueName\":\"search_term_string\"}}],\"inLanguage\":\"de\"},{\"@type\":[\"Person\",\"Organization\"],\"@id\":\"https:\/\/j-was-here.com\/de\/#\/schema\/person\/d06410cbae1d35fd8789fd46cc001923\",\"name\":\"Julia\",\"image\":{\"@type\":\"ImageObject\",\"inLanguage\":\"de\",\"@id\":\"https:\/\/j-was-here.com\/de\/#\/schema\/person\/image\/\",\"url\":\"https:\/\/j-was-here.com\/de\/wp-content\/uploads\/sites\/7\/2022\/12\/j-was-here-logo.jpeg\",\"contentUrl\":\"https:\/\/j-was-here.com\/de\/wp-content\/uploads\/sites\/7\/2022\/12\/j-was-here-logo.jpeg\",\"width\":150,\"height\":150,\"caption\":\"Julia\"},\"logo\":{\"@id\":\"https:\/\/j-was-here.com\/de\/#\/schema\/person\/image\/\"},\"description\":\"Julia is a loving wife and mother with a creative mind, a passion for travel, good design and photography.\",\"sameAs\":[\"http:\/\/julia-renzelmann.de\",\"https:\/\/www.instagram.com\/j_washere\/\",\"https:\/\/www.pinterest.de\/jstayshere\/?invite_code=26d875df9dff4e16a8e9e7736fc5571d\"]}]}<\/script>\n<!-- \/ Yoast SEO plugin. -->","yoast_head_json":{"title":"Zuhause - J WAS HERE","description":"- Zuhause. Wohnen, leben, DIY-Kreativit\u00e4t ausleben: Vom gr\u00f6\u00dften Bauprojekt bis ins detailreichste Deko-Element. Lest mehr","robots":{"index":"index","follow":"follow","max-snippet":"max-snippet:-1","max-image-preview":"max-image-preview:large","max-video-preview":"max-video-preview:-1"},"canonical":"https:\/\/j-was-here.com\/de\/zuhause-hausbau-inneneinrichtung-design-kreativ\/","og_locale":"de_DE","og_type":"article","og_title":"Zuhause - J WAS HERE","og_description":"- Zuhause. Wohnen, leben, DIY-Kreativit\u00e4t ausleben: Vom gr\u00f6\u00dften Bauprojekt bis ins detailreichste Deko-Element. Lest mehr","og_url":"https:\/\/j-was-here.com\/de\/zuhause-hausbau-inneneinrichtung-design-kreativ\/","og_site_name":"J WAS HERE","article_modified_time":"2023-03-30T20:24:47+00:00","og_image":[{"url":"https:\/\/j-was-here.com\/de\/wp-content\/uploads\/sites\/7\/1803_Ireland\/1803_IRE_00055-6-scaled.jpg","type":"","width":"","height":""}],"twitter_card":"summary_large_image","twitter_misc":{"Gesch\u00e4tzte Lesezeit":"2\u00a0Minuten"},"schema":{"@context":"https:\/\/schema.org","@graph":[{"@type":"WebPage","@id":"https:\/\/j-was-here.com\/de\/zuhause-hausbau-inneneinrichtung-design-kreativ\/","url":"https:\/\/j-was-here.com\/de\/zuhause-hausbau-inneneinrichtung-design-kreativ\/","name":"Zuhause - J WAS HERE","isPartOf":{"@id":"https:\/\/j-was-here.com\/de\/#website"},"primaryImageOfPage":{"@id":"https:\/\/j-was-here.com\/de\/zuhause-hausbau-inneneinrichtung-design-kreativ\/#primaryimage"},"image":{"@id":"https:\/\/j-was-here.com\/de\/zuhause-hausbau-inneneinrichtung-design-kreativ\/#primaryimage"},"thumbnailUrl":"https:\/\/j-was-here.com\/de\/wp-content\/uploads\/sites\/7\/1803_Ireland\/1803_IRE_00055-6-scaled.jpg","datePublished":"2022-12-30T22:43:14+00:00","dateModified":"2023-03-30T20:24:47+00:00","description":"- Zuhause. Wohnen, leben, DIY-Kreativit\u00e4t ausleben: Vom gr\u00f6\u00dften Bauprojekt bis ins detailreichste Deko-Element. Lest mehr","breadcrumb":{"@id":"https:\/\/j-was-here.com\/de\/zuhause-hausbau-inneneinrichtung-design-kreativ\/#breadcrumb"},"inLanguage":"de","potentialAction":[{"@type":"ReadAction","target":["https:\/\/j-was-here.com\/de\/zuhause-hausbau-inneneinrichtung-design-kreativ\/"]}]},{"@type":"ImageObject","inLanguage":"de","@id":"https:\/\/j-was-here.com\/de\/zuhause-hausbau-inneneinrichtung-design-kreativ\/#primaryimage","url":"https:\/\/j-was-here.com\/de\/wp-content\/uploads\/sites\/7\/1803_Ireland\/1803_IRE_00055-6-scaled.jpg","contentUrl":"https:\/\/j-was-here.com\/de\/wp-content\/uploads\/sites\/7\/1803_Ireland\/1803_IRE_00055-6-scaled.jpg","width":2560,"height":1707},{"@type":"BreadcrumbList","@id":"https:\/\/j-was-here.com\/de\/zuhause-hausbau-inneneinrichtung-design-kreativ\/#breadcrumb","itemListElement":[{"@type":"ListItem","position":1,"name":"Home","item":"https:\/\/j-was-here.com\/de\/"},{"@type":"ListItem","position":2,"name":"Zuhause"}]},{"@type":"WebSite","@id":"https:\/\/j-was-here.com\/de\/#website","url":"https:\/\/j-was-here.com\/de\/","name":"J WAS HERE","description":"family, home &amp; travel","publisher":{"@id":"https:\/\/j-was-here.com\/de\/#\/schema\/person\/d06410cbae1d35fd8789fd46cc001923"},"alternateName":"Julia's travels","potentialAction":[{"@type":"SearchAction","target":{"@type":"EntryPoint","urlTemplate":"https:\/\/j-was-here.com\/de\/?s={search_term_string}"},"query-input":{"@type":"PropertyValueSpecification","valueRequired":true,"valueName":"search_term_string"}}],"inLanguage":"de"},{"@type":["Person","Organization"],"@id":"https:\/\/j-was-here.com\/de\/#\/schema\/person\/d06410cbae1d35fd8789fd46cc001923","name":"Julia","image":{"@type":"ImageObject","inLanguage":"de","@id":"https:\/\/j-was-here.com\/de\/#\/schema\/person\/image\/","url":"https:\/\/j-was-here.com\/de\/wp-content\/uploads\/sites\/7\/2022\/12\/j-was-here-logo.jpeg","contentUrl":"https:\/\/j-was-here.com\/de\/wp-content\/uploads\/sites\/7\/2022\/12\/j-was-here-logo.jpeg","width":150,"height":150,"caption":"Julia"},"logo":{"@id":"https:\/\/j-was-here.com\/de\/#\/schema\/person\/image\/"},"description":"Julia is a loving wife and mother with a creative mind, a passion for travel, good design and photography.","sameAs":["http:\/\/julia-renzelmann.de","https:\/\/www.instagram.com\/j_washere\/","https:\/\/www.pinterest.de\/jstayshere\/?invite_code=26d875df9dff4e16a8e9e7736fc5571d"]}]}},"_links":{"self":[{"href":"https:\/\/j-was-here.com\/de\/wp-json\/wp\/v2\/pages\/5344"}],"collection":[{"href":"https:\/\/j-was-here.com\/de\/wp-json\/wp\/v2\/pages"}],"about":[{"href":"https:\/\/j-was-here.com\/de\/wp-json\/wp\/v2\/types\/page"}],"author":[{"embeddable":true,"href":"https:\/\/j-was-here.com\/de\/wp-json\/wp\/v2\/users\/1"}],"replies":[{"embeddable":true,"href":"https:\/\/j-was-here.com\/de\/wp-json\/wp\/v2\/comments?post=5344"}],"version-history":[{"count":13,"href":"https:\/\/j-was-here.com\/de\/wp-json\/wp\/v2\/pages\/5344\/revisions"}],"predecessor-version":[{"id":6107,"href":"https:\/\/j-was-here.com\/de\/wp-json\/wp\/v2\/pages\/5344\/revisions\/6107"}],"wp:attachment":[{"href":"https:\/\/j-was-here.com\/de\/wp-json\/wp\/v2\/media?parent=5344"}],"curies":[{"name":"wp","href":"https:\/\/api.w.org\/{rel}","templated":true}]}}