{"id":42,"date":"2017-10-09T17:54:56","date_gmt":"2017-10-09T15:54:56","guid":{"rendered":"http:\/\/j-was-here.com\/?page_id=34"},"modified":"2023-11-29T22:13:38","modified_gmt":"2023-11-29T21:13:38","slug":"impressum","status":"publish","type":"page","link":"https:\/\/j-was-here.com\/de\/impressum\/","title":{"rendered":"Impressum"},"content":{"rendered":"\n<div class=\"page\" title=\"Page 1\">\n<div class=\"layoutArea\">\n<div class=\"column\">\n<p><b>Wer wir sind<\/b><\/p>\n<p>Die Adresse unserer Website ist: http:\/\/j-was-here.com.<\/p>\n<p>Dahinter steht:<\/p>\n<p>Julia Behrens<\/p>\n<p>Telefon: +49 (0) 152 5524 5460 E-Mail: fragen -at- j-was-here.com<\/p>\n<p><b>Haftung f\u00fcr Links<\/b><\/p>\n<p>Unser Angebot enth\u00e4lt Links zu externen Webseiten Dritter, auf deren Inhalte wir keinen Einfluss haben. Deshalb k\u00f6nnen wir f\u00fcr diese fremden Inhalte auch keine Gew\u00e4hr \u00fcbernehmen. F\u00fcr die Inhalte der verlinkten Seiten ist stets der jeweilige Anbieter oder Betreiber der Seiten verantwortlich. Die verlinkten Seiten wurden zum Zeitpunkt der Verlinkung auf m\u00f6gliche Rechtsverst\u00f6\u00dfe \u00fcberpr\u00fcft. Rechtswidrige Inhalte waren zum Zeitpunkt der Verlinkung nicht erkennbar.<\/p>\n<p>Eine permanente inhaltliche Kontrolle der verlinkten Seiten ist jedoch ohne konkrete Anhaltspunkte einer Rechtsverletzung nicht zumutbar. Bei Bekanntwerden von Rechtsverletzungen werden wir derartige Links umgehend entfernen.<\/p>\n<p><b>Urheberrecht<\/b><\/p>\n<p>Die durch die Seitenbetreiber erstellten Inhalte und Werke auf diesen Seiten unterliegen dem deutschen Urheberrecht. Die Vervielf\u00e4ltigung, Bearbeitung, Verbreitung und jede Art der Verwertung au\u00dferhalb der Grenzen des Urheberrechtes bed\u00fcrfen der schriftlichen Zustimmung des jeweiligen Autors bzw. Erstellers. Downloads und Kopien dieser Seite sind nur f\u00fcr den privaten, nicht kommerziellen Gebrauch gestattet.<\/p>\n<p>Soweit die Inhalte auf dieser Seite nicht vom Betreiber erstellt wurden, werden die Urheberrechte Dritter beachtet. Insbesondere werden Inhalte Dritter als solche gekennzeichnet. Sollten Sie trotzdem auf eine Urheberrechtsverletzung aufmerksam werden, bitten wir um einen entsprechenden Hinweis. Bei Bekanntwerden von Rechtsverletzungen werden wir derartige Inhalte umgehend entfernen.<\/p>\n<p><i>Quelle: eRecht24<\/i><\/p><\/div><\/div><\/div>\n","protected":false},"excerpt":{"rendered":"<p>Wer wir sind Die Adresse unserer Website ist: http:\/\/j-was-here.com. Dahinter steht: Julia Behrens Telefon: +49 (0) 152 5524 5460 E-Mail: fragen -at- j-was-here.com Haftung f\u00fcr Links Unser Angebot enth\u00e4lt Links zu externen Webseiten Dritter, auf deren Inhalte wir keinen Einfluss haben. Deshalb k\u00f6nnen wir f\u00fcr diese fremden Inhalte auch keine Gew\u00e4hr \u00fcbernehmen. F\u00fcr die Inhalte [&hellip;]<\/p>\n","protected":false},"author":1,"featured_media":0,"parent":0,"menu_order":0,"comment_status":"closed","ping_status":"closed","template":"","meta":{"_trash_the_other_posts":false,"_sitemap_exclude":false,"_sitemap_priority":"","_sitemap_frequency":"","editor_notices":[],"footnotes":""},"_yoast_wpseo_content_score":"90","_yoast_wpseo_focuskw":null,"_yoast_wpseo_metadesc":null,"_yoast_wpseo_title":null,"yoast_head":"<!-- This site is optimized with the Yoast SEO plugin v24.5 - https:\/\/yoast.com\/wordpress\/plugins\/seo\/ -->\n<title>Impressum - J WAS HERE<\/title>\n<meta name=\"description\" content=\"- Impressum\" \/>\n<meta name=\"robots\" content=\"index, follow, max-snippet:-1, max-image-preview:large, max-video-preview:-1\" \/>\n<link rel=\"canonical\" href=\"https:\/\/j-was-here.com\/de\/impressum\/\" \/>\n<meta property=\"og:locale\" content=\"de_DE\" \/>\n<meta property=\"og:type\" content=\"article\" \/>\n<meta property=\"og:title\" content=\"Impressum - J WAS HERE\" \/>\n<meta property=\"og:description\" content=\"- Impressum\" \/>\n<meta property=\"og:url\" content=\"https:\/\/j-was-here.com\/de\/impressum\/\" \/>\n<meta property=\"og:site_name\" content=\"J WAS HERE\" \/>\n<meta property=\"article:modified_time\" content=\"2023-11-29T21:13:38+00:00\" \/>\n<meta name=\"twitter:card\" content=\"summary_large_image\" \/>\n<meta name=\"twitter:label1\" content=\"Gesch\u00e4tzte Lesezeit\" \/>\n\t<meta name=\"twitter:data1\" content=\"2\u00a0Minuten\" \/>\n<script type=\"application\/ld+json\" class=\"yoast-schema-graph\">{\"@context\":\"https:\/\/schema.org\",\"@graph\":[{\"@type\":\"WebPage\",\"@id\":\"https:\/\/j-was-here.com\/de\/impressum\/\",\"url\":\"https:\/\/j-was-here.com\/de\/impressum\/\",\"name\":\"Impressum - J WAS HERE\",\"isPartOf\":{\"@id\":\"https:\/\/j-was-here.com\/de\/#website\"},\"datePublished\":\"2017-10-09T15:54:56+00:00\",\"dateModified\":\"2023-11-29T21:13:38+00:00\",\"description\":\"- Impressum\",\"breadcrumb\":{\"@id\":\"https:\/\/j-was-here.com\/de\/impressum\/#breadcrumb\"},\"inLanguage\":\"de\",\"potentialAction\":[{\"@type\":\"ReadAction\",\"target\":[\"https:\/\/j-was-here.com\/de\/impressum\/\"]}]},{\"@type\":\"BreadcrumbList\",\"@id\":\"https:\/\/j-was-here.com\/de\/impressum\/#breadcrumb\",\"itemListElement\":[{\"@type\":\"ListItem\",\"position\":1,\"name\":\"Home\",\"item\":\"https:\/\/j-was-here.com\/de\/\"},{\"@type\":\"ListItem\",\"position\":2,\"name\":\"Impressum\"}]},{\"@type\":\"WebSite\",\"@id\":\"https:\/\/j-was-here.com\/de\/#website\",\"url\":\"https:\/\/j-was-here.com\/de\/\",\"name\":\"J WAS HERE\",\"description\":\"family, home &amp; travel\",\"publisher\":{\"@id\":\"https:\/\/j-was-here.com\/de\/#\/schema\/person\/d06410cbae1d35fd8789fd46cc001923\"},\"alternateName\":\"Julia's travels\",\"potentialAction\":[{\"@type\":\"SearchAction\",\"target\":{\"@type\":\"EntryPoint\",\"urlTemplate\":\"https:\/\/j-was-here.com\/de\/?s={search_term_string}\"},\"query-input\":{\"@type\":\"PropertyValueSpecification\",\"valueRequired\":true,\"valueName\":\"search_term_string\"}}],\"inLanguage\":\"de\"},{\"@type\":[\"Person\",\"Organization\"],\"@id\":\"https:\/\/j-was-here.com\/de\/#\/schema\/person\/d06410cbae1d35fd8789fd46cc001923\",\"name\":\"Julia\",\"image\":{\"@type\":\"ImageObject\",\"inLanguage\":\"de\",\"@id\":\"https:\/\/j-was-here.com\/de\/#\/schema\/person\/image\/\",\"url\":\"https:\/\/j-was-here.com\/de\/wp-content\/uploads\/sites\/7\/2022\/12\/j-was-here-logo.jpeg\",\"contentUrl\":\"https:\/\/j-was-here.com\/de\/wp-content\/uploads\/sites\/7\/2022\/12\/j-was-here-logo.jpeg\",\"width\":150,\"height\":150,\"caption\":\"Julia\"},\"logo\":{\"@id\":\"https:\/\/j-was-here.com\/de\/#\/schema\/person\/image\/\"},\"description\":\"Julia is a loving wife and mother with a creative mind, a passion for travel, good design and photography.\",\"sameAs\":[\"http:\/\/julia-renzelmann.de\",\"https:\/\/www.instagram.com\/j_washere\/\",\"https:\/\/www.pinterest.de\/jstayshere\/?invite_code=26d875df9dff4e16a8e9e7736fc5571d\"]}]}<\/script>\n<!-- \/ Yoast SEO plugin. -->","yoast_head_json":{"title":"Impressum - J WAS HERE","description":"- Impressum","robots":{"index":"index","follow":"follow","max-snippet":"max-snippet:-1","max-image-preview":"max-image-preview:large","max-video-preview":"max-video-preview:-1"},"canonical":"https:\/\/j-was-here.com\/de\/impressum\/","og_locale":"de_DE","og_type":"article","og_title":"Impressum - J WAS HERE","og_description":"- Impressum","og_url":"https:\/\/j-was-here.com\/de\/impressum\/","og_site_name":"J WAS HERE","article_modified_time":"2023-11-29T21:13:38+00:00","twitter_card":"summary_large_image","twitter_misc":{"Gesch\u00e4tzte Lesezeit":"2\u00a0Minuten"},"schema":{"@context":"https:\/\/schema.org","@graph":[{"@type":"WebPage","@id":"https:\/\/j-was-here.com\/de\/impressum\/","url":"https:\/\/j-was-here.com\/de\/impressum\/","name":"Impressum - J WAS HERE","isPartOf":{"@id":"https:\/\/j-was-here.com\/de\/#website"},"datePublished":"2017-10-09T15:54:56+00:00","dateModified":"2023-11-29T21:13:38+00:00","description":"- Impressum","breadcrumb":{"@id":"https:\/\/j-was-here.com\/de\/impressum\/#breadcrumb"},"inLanguage":"de","potentialAction":[{"@type":"ReadAction","target":["https:\/\/j-was-here.com\/de\/impressum\/"]}]},{"@type":"BreadcrumbList","@id":"https:\/\/j-was-here.com\/de\/impressum\/#breadcrumb","itemListElement":[{"@type":"ListItem","position":1,"name":"Home","item":"https:\/\/j-was-here.com\/de\/"},{"@type":"ListItem","position":2,"name":"Impressum"}]},{"@type":"WebSite","@id":"https:\/\/j-was-here.com\/de\/#website","url":"https:\/\/j-was-here.com\/de\/","name":"J WAS HERE","description":"family, home &amp; travel","publisher":{"@id":"https:\/\/j-was-here.com\/de\/#\/schema\/person\/d06410cbae1d35fd8789fd46cc001923"},"alternateName":"Julia's travels","potentialAction":[{"@type":"SearchAction","target":{"@type":"EntryPoint","urlTemplate":"https:\/\/j-was-here.com\/de\/?s={search_term_string}"},"query-input":{"@type":"PropertyValueSpecification","valueRequired":true,"valueName":"search_term_string"}}],"inLanguage":"de"},{"@type":["Person","Organization"],"@id":"https:\/\/j-was-here.com\/de\/#\/schema\/person\/d06410cbae1d35fd8789fd46cc001923","name":"Julia","image":{"@type":"ImageObject","inLanguage":"de","@id":"https:\/\/j-was-here.com\/de\/#\/schema\/person\/image\/","url":"https:\/\/j-was-here.com\/de\/wp-content\/uploads\/sites\/7\/2022\/12\/j-was-here-logo.jpeg","contentUrl":"https:\/\/j-was-here.com\/de\/wp-content\/uploads\/sites\/7\/2022\/12\/j-was-here-logo.jpeg","width":150,"height":150,"caption":"Julia"},"logo":{"@id":"https:\/\/j-was-here.com\/de\/#\/schema\/person\/image\/"},"description":"Julia is a loving wife and mother with a creative mind, a passion for travel, good design and photography.","sameAs":["http:\/\/julia-renzelmann.de","https:\/\/www.instagram.com\/j_washere\/","https:\/\/www.pinterest.de\/jstayshere\/?invite_code=26d875df9dff4e16a8e9e7736fc5571d"]}]}},"_links":{"self":[{"href":"https:\/\/j-was-here.com\/de\/wp-json\/wp\/v2\/pages\/42"}],"collection":[{"href":"https:\/\/j-was-here.com\/de\/wp-json\/wp\/v2\/pages"}],"about":[{"href":"https:\/\/j-was-here.com\/de\/wp-json\/wp\/v2\/types\/page"}],"author":[{"embeddable":true,"href":"https:\/\/j-was-here.com\/de\/wp-json\/wp\/v2\/users\/1"}],"replies":[{"embeddable":true,"href":"https:\/\/j-was-here.com\/de\/wp-json\/wp\/v2\/comments?post=42"}],"version-history":[{"count":5,"href":"https:\/\/j-was-here.com\/de\/wp-json\/wp\/v2\/pages\/42\/revisions"}],"predecessor-version":[{"id":6149,"href":"https:\/\/j-was-here.com\/de\/wp-json\/wp\/v2\/pages\/42\/revisions\/6149"}],"wp:attachment":[{"href":"https:\/\/j-was-here.com\/de\/wp-json\/wp\/v2\/media?parent=42"}],"curies":[{"name":"wp","href":"https:\/\/api.w.org\/{rel}","templated":true}]}}