{"id":3153,"date":"2022-11-28T21:20:39","date_gmt":"2022-11-28T20:20:39","guid":{"rendered":"http:\/\/j-was-here.com\/?page_id=3153"},"modified":"2023-01-20T22:20:11","modified_gmt":"2023-01-20T21:20:11","slug":"ueber-julia","status":"publish","type":"page","link":"https:\/\/j-was-here.com\/de\/ueber-julia\/","title":{"rendered":"\u00dcber Julia"},"content":{"rendered":"\n<p>Julia ist eine Weltreisende, Fotoliebhaberin und Smartphone-S\u00fcchtige. Vor Covid hatte sie dank ihrer Arbeit in der Unternehmensberatung die M\u00f6glichkeit, aller Herren L\u00e4nder zu erkunden, \u00fcbers Wochenende wegzufahren und verschiedenste Menschen aus unterschiedlichen Kulturkreisen zu treffen. In ihrer Freizeit liebt sie es zu reisen, neue Kulturen zu entdecken und Abenteuer zu erleben. Einfach alles, was nicht allt\u00e4glich ist, macht sie gl\u00fccklich. Sie hat diesen Blog gestartet, um ihre Leidenschaft zu teilen. <\/p>\n\n\n\n<p><em>Falls ihr einige kursive Kommentare lest, wisst ihr, dass ihr Mann schreibt und sie begleitet, wann immer sie die Gelegenheit haben, gemeinsam zu reisen.<\/em> Ist also nicht alles \u00fcber Julia allein \ud83d\ude09<\/p>\n\n\n\n<div class=\"wp-block-group alignfull has-background-light-background-color has-background is-layout-constrained wp-container-core-group-is-layout-1 wp-block-group-is-layout-constrained\" style=\"padding-top:68px\">\n<div class=\"wp-block-columns is-layout-flex wp-container-core-columns-is-layout-1 wp-block-columns-is-layout-flex\">\n<div class=\"wp-block-column is-style-ona-negative-offset-bottom is-layout-flow wp-block-column-is-layout-flow\">\n<figure class=\"wp-block-image size-large\"><img decoding=\"async\" width=\"1024\" height=\"683\" data-src=\"https:\/\/j-was-here.com\/de\/wp-content\/uploads\/sites\/7\/1710_USA\/1710_USA_filter_00011-1024x683.jpg\" alt=\"\u00fcber Julia\" class=\"wp-image-3581 lazyload\" data-srcset=\"https:\/\/j-was-here.com\/de\/wp-content\/uploads\/sites\/7\/1710_USA\/1710_USA_filter_00011-1024x683.jpg 1024w, https:\/\/j-was-here.com\/de\/wp-content\/uploads\/sites\/7\/1710_USA\/1710_USA_filter_00011-300x200.jpg 300w, https:\/\/j-was-here.com\/de\/wp-content\/uploads\/sites\/7\/1710_USA\/1710_USA_filter_00011-768x512.jpg 768w, https:\/\/j-was-here.com\/de\/wp-content\/uploads\/sites\/7\/1710_USA\/1710_USA_filter_00011-1536x1024.jpg 1536w, https:\/\/j-was-here.com\/de\/wp-content\/uploads\/sites\/7\/1710_USA\/1710_USA_filter_00011-2048x1365.jpg 2048w, https:\/\/j-was-here.com\/de\/wp-content\/uploads\/sites\/7\/1710_USA\/1710_USA_filter_00011-1170x780.jpg 1170w\" data-sizes=\"(max-width: 1024px) 100vw, 1024px\" src=\"data:image\/svg+xml;base64,PHN2ZyB3aWR0aD0iMSIgaGVpZ2h0PSIxIiB4bWxucz0iaHR0cDovL3d3dy53My5vcmcvMjAwMC9zdmciPjwvc3ZnPg==\" style=\"--smush-placeholder-width: 1024px; --smush-placeholder-aspect-ratio: 1024\/683;\" \/><figcaption class=\"wp-element-caption\">Schlittschuhlaufen im Miami Beach EDITION, Florida, USA<\/figcaption><\/figure>\n<\/div>\n\n\n\n<div class=\"wp-block-column is-vertically-aligned-center is-layout-flow wp-block-column-is-layout-flow\">\n<figure class=\"wp-block-image size-full is-resized\"><img decoding=\"async\" data-src=\"http:\/\/j-was-here.com\/wp-content\/themes\/ona\/assets\/img\/ona_about_page_title_signature.png\" alt=\"ona_about_page_title_signature\" class=\"wp-image-223 lazyload\" width=\"319\" height=\"133\" src=\"data:image\/svg+xml;base64,PHN2ZyB3aWR0aD0iMSIgaGVpZ2h0PSIxIiB4bWxucz0iaHR0cDovL3d3dy53My5vcmcvMjAwMC9zdmciPjwvc3ZnPg==\" style=\"--smush-placeholder-width: 319px; --smush-placeholder-aspect-ratio: 319\/133;\" \/><\/figure>\n\n\n\n<h1 class=\"wp-block-heading\" id=\"i-am-a-lifestyle-and-fashion-blogger-a-person-who-enjoys-travel\" style=\"margin-right:15%;margin-bottom:var(--wp--preset--spacing--60)\">Ich liebe meine Familie, Reisen, Fotografie und gutes Design. <\/h1>\n<\/div>\n<\/div>\n<\/div>\n\n\n\n<div class=\"wp-block-group ona-container is-layout-constrained wp-block-group-is-layout-constrained\">\n<div style=\"height:120px\" aria-hidden=\"true\" class=\"wp-block-spacer\"><\/div>\n\n\n\n<hr class=\"wp-block-separator has-text-color has-foreground-color has-css-opacity has-foreground-background-color has-background is-style-default\"\/>\n\n\n\n<p class=\"has-text-align-center has-foreground-color has-text-color has-medium-large-font-size\" style=\"line-height:1.3\"><em>\u201cJ WAS HERE wird innerlich zu J STAYS HERE. Ich bin l\u00e4ngst nicht mehr so viel unterwegs wie fr\u00fcher.\u201d<\/em><\/p>\n\n\n\n<hr class=\"wp-block-separator has-text-color has-foreground-color has-css-opacity has-foreground-background-color has-background is-style-default\"\/>\n\n\n\n<div style=\"height:100px\" aria-hidden=\"true\" class=\"wp-block-spacer\"><\/div>\n<\/div>\n\n\n\n<div class=\"wp-block-group alignfull is-layout-flow wp-block-group-is-layout-flow\">\n<div class=\"wp-block-columns are-vertically-aligned-center is-layout-flex wp-container-core-columns-is-layout-2 wp-block-columns-is-layout-flex\">\n<div class=\"wp-block-column is-vertically-aligned-center is-style-ona-shift-right is-layout-flow wp-block-column-is-layout-flow\">\n<div class=\"wp-block-group has-background-light-background-color has-background is-layout-flow wp-block-group-is-layout-flow\" style=\"padding-top:15%;padding-right:15%;padding-bottom:15%;padding-left:15%\">\n<h2 class=\"has-text-align-center alignfull wp-block-heading\" id=\"i-love-working-with-people-who-find-joy-in-the-little-things\" style=\"line-height:1.2\">Das Post-Covid Reisen ist ein anderes.<\/h2>\n\n\n\n<p class=\"has-text-align-center\">Denn: F\u00fcr meinen Mann und mich als Paar war der Lockdown eine Zeit, in der wir unsere Familie gegr\u00fcndet und vergr\u00f6\u00dfert haben. Uns richtig kennengelernt haben und erkannt haben, was im Leben wirklich wichtig ist.<\/p>\n<\/div>\n<\/div>\n\n\n\n<div class=\"wp-block-column is-vertically-aligned-center is-style-no-spacing is-layout-flow wp-block-column-is-layout-flow\">\n<div class=\"wp-block-cover is-light ona-promo-image\"><span aria-hidden=\"true\" class=\"wp-block-cover__background has-background-dim-0 has-background-dim\"><\/span><img decoding=\"async\" width=\"2560\" height=\"1920\" class=\"wp-block-cover__image-background wp-image-3582 lazyload\" alt=\"\" data-src=\"https:\/\/j-was-here.com\/de\/wp-content\/uploads\/sites\/7\/1710_USA\/1710_USA_filter_00015-scaled.jpg\" data-object-fit=\"cover\" data-srcset=\"https:\/\/j-was-here.com\/de\/wp-content\/uploads\/sites\/7\/1710_USA\/1710_USA_filter_00015-scaled.jpg 2560w, https:\/\/j-was-here.com\/de\/wp-content\/uploads\/sites\/7\/1710_USA\/1710_USA_filter_00015-300x225.jpg 300w, https:\/\/j-was-here.com\/de\/wp-content\/uploads\/sites\/7\/1710_USA\/1710_USA_filter_00015-1024x768.jpg 1024w, https:\/\/j-was-here.com\/de\/wp-content\/uploads\/sites\/7\/1710_USA\/1710_USA_filter_00015-768x576.jpg 768w, https:\/\/j-was-here.com\/de\/wp-content\/uploads\/sites\/7\/1710_USA\/1710_USA_filter_00015-1536x1152.jpg 1536w, https:\/\/j-was-here.com\/de\/wp-content\/uploads\/sites\/7\/1710_USA\/1710_USA_filter_00015-2048x1536.jpg 2048w, https:\/\/j-was-here.com\/de\/wp-content\/uploads\/sites\/7\/1710_USA\/1710_USA_filter_00015-1170x878.jpg 1170w\" data-sizes=\"(max-width: 2560px) 100vw, 2560px\" src=\"data:image\/svg+xml;base64,PHN2ZyB3aWR0aD0iMSIgaGVpZ2h0PSIxIiB4bWxucz0iaHR0cDovL3d3dy53My5vcmcvMjAwMC9zdmciPjwvc3ZnPg==\" style=\"--smush-placeholder-width: 2560px; --smush-placeholder-aspect-ratio: 2560\/1920;\" \/><div class=\"wp-block-cover__inner-container is-layout-flow wp-block-cover-is-layout-flow\">\n<p class=\"has-text-align-center has-large-font-size\"><\/p>\n<\/div><\/div>\n<\/div>\n<\/div>\n<\/div>\n\n\n\n<div class=\"wp-block-group ona-container is-layout-constrained wp-container-core-group-is-layout-8 wp-block-group-is-layout-constrained\">\n<div style=\"height:60px\" aria-hidden=\"true\" class=\"wp-block-spacer\"><\/div>\n\n\n\n<div class=\"wp-block-columns is-layout-flex wp-container-core-columns-is-layout-3 wp-block-columns-is-layout-flex\">\n<div class=\"wp-block-column is-layout-flow wp-block-column-is-layout-flow\" style=\"padding-top:40px;padding-right:40px;padding-bottom:40px;padding-left:40px\">\n<div class=\"wp-block-group is-layout-flow wp-block-group-is-layout-flow\">\n<h3 class=\"has-text-align-center has-medium-large-font-size wp-block-heading\" id=\"99\">&gt;190<\/h3>\n\n\n\n<p class=\"has-text-align-center\">Blog Posts von Trips auf 4 Kontinente<\/p>\n<\/div>\n<\/div>\n\n\n\n<div class=\"wp-block-column is-layout-flow wp-block-column-is-layout-flow\" style=\"padding-top:40px;padding-right:40px;padding-bottom:40px;padding-left:40px\">\n<div class=\"wp-block-group is-layout-flow wp-block-group-is-layout-flow\">\n<h3 class=\"has-text-align-center has-medium-large-font-size wp-block-heading\" id=\"99\">1.400+<\/h3>\n\n\n\n<p class=\"has-text-align-center\">Foto-Uploads allein auf diesem Blog<\/p>\n<\/div>\n<\/div>\n\n\n\n<div class=\"wp-block-column is-layout-flow wp-block-column-is-layout-flow\" style=\"padding-top:40px;padding-right:40px;padding-bottom:40px;padding-left:40px\">\n<div class=\"wp-block-group is-layout-flow wp-block-group-is-layout-flow\">\n<h3 class=\"has-text-align-center has-medium-large-font-size wp-block-heading\" id=\"99\">&gt;10<\/h3>\n\n\n\n<p class=\"has-text-align-center\">Jahre an Reiseerfahrung im Archiv<\/p>\n<\/div>\n<\/div>\n<\/div>\n<\/div>\n\n\n\n<p>Da das Reisen wieder m\u00f6glich geworden ist, muss sie sich ein wenig umstellen, da sie jetzt eine Familie hat. Das Leben geht weiter und so entwickelt sich auch dieser Blog weiter!<\/p>\n\n\n\n<div class=\"wp-block-columns alignfull has-text-color has-background is-layout-flex wp-container-core-columns-is-layout-4 wp-block-columns-is-layout-flex\" style=\"color:#000000;background-color:#ffffff\">\n<div class=\"wp-block-column is-layout-flow wp-block-column-is-layout-flow\">\n<h3 class=\"wp-block-heading\" style=\"font-size:24px;line-height:1.3\"><strong><a href=\"https:\/\/j-was-here.com\/de\/familie-familienleben-geht-das-eigentilch-nur-mir-so\/\">Familienleben<\/a><\/strong><\/h3>\n\n\n\n<p>&#8222;Geht das eigentlich nur mir so&#8230;?&#8220; Anekdoten aus dem echten Leben. Weil am Ende doch alle Eltern \u00e4hnliches durchmachen und man auch mal wieder lachen muss.<\/p>\n<\/div>\n\n\n\n<div class=\"wp-block-column is-layout-flow wp-block-column-is-layout-flow\">\n<h3 class=\"wp-block-heading\" style=\"font-size:24px;line-height:1.3\"><strong><a href=\"https:\/\/j-was-here.com\/de\/zuhause\/\">Zuhause<\/a><\/strong><\/h3>\n\n\n\n<p>Bleibt auf dem Laufenden und lest \u00fcber Julias und Daniels ganz besonderes Abenteuer, ein Haus zu bauen.<\/p>\n<\/div>\n\n\n\n<div class=\"wp-block-column is-layout-flow wp-block-column-is-layout-flow\">\n<h3 class=\"wp-block-heading\" style=\"font-size:24px;line-height:1.3\"><strong><a href=\"https:\/\/j-was-here.com\/de\/julias-reisen\/\">Unterwegs<\/a><\/strong><\/h3>\n\n\n\n<p>Lerne ferne Orte kennen und lass dich f\u00fcr deine eigenen Reisen inspirieren.<\/p>\n<\/div>\n<\/div>\n\n\n\n<hr class=\"wp-block-separator has-alpha-channel-opacity\"\/>\n\n\n\n<p><em>Haftungsausschluss: Die hier ge\u00e4u\u00dferten Ansichten sind ihre eigenen und repr\u00e4sentieren nicht den Standpunkt ihres Arbeitgebers.<\/em><\/p>\n","protected":false},"excerpt":{"rendered":"<p>Julia ist eine Weltreisende, Fotoliebhaberin und Smartphone-S\u00fcchtige. Vor Covid hatte sie dank ihrer Arbeit in der Unternehmensberatung die M\u00f6glichkeit, aller Herren L\u00e4nder zu erkunden, \u00fcbers Wochenende wegzufahren und verschiedenste Menschen aus unterschiedlichen Kulturkreisen zu treffen. In ihrer Freizeit liebt sie es zu reisen, neue Kulturen zu entdecken und Abenteuer zu erleben. Einfach alles, was nicht [&hellip;]<\/p>\n","protected":false},"author":1,"featured_media":0,"parent":0,"menu_order":0,"comment_status":"closed","ping_status":"closed","template":"","meta":{"_trash_the_other_posts":false,"_sitemap_exclude":false,"_sitemap_priority":"","_sitemap_frequency":"","editor_notices":[],"footnotes":""},"_yoast_wpseo_content_score":"90","_yoast_wpseo_focuskw":"\u00fcber Julia","_yoast_wpseo_metadesc":"\u00dcber Julia's Blog: \u201cJ WAS HERE wird innerlich zu J STAYS HERE. Ich bin l\u00e4ngst nicht mehr so viel unterwegs wie fr\u00fcher.\u201d","_yoast_wpseo_title":"%%title%% %%page%% %%sep%% Was ist %%sitename%%?","yoast_head":"<!-- This site is optimized with the Yoast SEO plugin v24.5 - https:\/\/yoast.com\/wordpress\/plugins\/seo\/ -->\n<title>\u00dcber Julia - Was ist J WAS HERE?<\/title>\n<meta name=\"description\" content=\"\u00dcber Julia&#039;s Blog: \u201cJ WAS HERE wird innerlich zu J STAYS HERE. Ich bin l\u00e4ngst nicht mehr so viel unterwegs wie fr\u00fcher.\u201d\" \/>\n<meta name=\"robots\" content=\"index, follow, max-snippet:-1, max-image-preview:large, max-video-preview:-1\" \/>\n<link rel=\"canonical\" href=\"https:\/\/j-was-here.com\/de\/ueber-julia\/\" \/>\n<meta property=\"og:locale\" content=\"de_DE\" \/>\n<meta property=\"og:type\" content=\"article\" \/>\n<meta property=\"og:title\" content=\"\u00dcber Julia - Was ist J WAS HERE?\" \/>\n<meta property=\"og:description\" content=\"\u00dcber Julia&#039;s Blog: \u201cJ WAS HERE wird innerlich zu J STAYS HERE. Ich bin l\u00e4ngst nicht mehr so viel unterwegs wie fr\u00fcher.\u201d\" \/>\n<meta property=\"og:url\" content=\"https:\/\/j-was-here.com\/de\/ueber-julia\/\" \/>\n<meta property=\"og:site_name\" content=\"J WAS HERE\" \/>\n<meta property=\"article:modified_time\" content=\"2023-01-20T21:20:11+00:00\" \/>\n<meta property=\"og:image\" content=\"https:\/\/j-was-here.com\/de\/wp-content\/uploads\/sites\/7\/1710_USA\/1710_USA_filter_00011-1024x683.jpg\" \/>\n<meta name=\"twitter:card\" content=\"summary_large_image\" \/>\n<meta name=\"twitter:label1\" content=\"Gesch\u00e4tzte Lesezeit\" \/>\n\t<meta name=\"twitter:data1\" content=\"3\u00a0Minuten\" \/>\n<script type=\"application\/ld+json\" class=\"yoast-schema-graph\">{\"@context\":\"https:\/\/schema.org\",\"@graph\":[{\"@type\":\"WebPage\",\"@id\":\"https:\/\/j-was-here.com\/de\/ueber-julia\/\",\"url\":\"https:\/\/j-was-here.com\/de\/ueber-julia\/\",\"name\":\"\u00dcber Julia - Was ist J WAS HERE?\",\"isPartOf\":{\"@id\":\"https:\/\/j-was-here.com\/de\/#website\"},\"primaryImageOfPage\":{\"@id\":\"https:\/\/j-was-here.com\/de\/ueber-julia\/#primaryimage\"},\"image\":{\"@id\":\"https:\/\/j-was-here.com\/de\/ueber-julia\/#primaryimage\"},\"thumbnailUrl\":\"https:\/\/j-was-here.com\/de\/wp-content\/uploads\/sites\/7\/1710_USA\/1710_USA_filter_00011-1024x683.jpg\",\"datePublished\":\"2022-11-28T20:20:39+00:00\",\"dateModified\":\"2023-01-20T21:20:11+00:00\",\"description\":\"\u00dcber Julia's Blog: \u201cJ WAS HERE wird innerlich zu J STAYS HERE. Ich bin l\u00e4ngst nicht mehr so viel unterwegs wie fr\u00fcher.\u201d\",\"breadcrumb\":{\"@id\":\"https:\/\/j-was-here.com\/de\/ueber-julia\/#breadcrumb\"},\"inLanguage\":\"de\",\"potentialAction\":[{\"@type\":\"ReadAction\",\"target\":[\"https:\/\/j-was-here.com\/de\/ueber-julia\/\"]}]},{\"@type\":\"ImageObject\",\"inLanguage\":\"de\",\"@id\":\"https:\/\/j-was-here.com\/de\/ueber-julia\/#primaryimage\",\"url\":\"https:\/\/j-was-here.com\/de\/wp-content\/uploads\/sites\/7\/1710_USA\/1710_USA_filter_00011-scaled.jpg\",\"contentUrl\":\"https:\/\/j-was-here.com\/de\/wp-content\/uploads\/sites\/7\/1710_USA\/1710_USA_filter_00011-scaled.jpg\",\"width\":2560,\"height\":1707},{\"@type\":\"BreadcrumbList\",\"@id\":\"https:\/\/j-was-here.com\/de\/ueber-julia\/#breadcrumb\",\"itemListElement\":[{\"@type\":\"ListItem\",\"position\":1,\"name\":\"Home\",\"item\":\"https:\/\/j-was-here.com\/de\/\"},{\"@type\":\"ListItem\",\"position\":2,\"name\":\"\u00dcber Julia\"}]},{\"@type\":\"WebSite\",\"@id\":\"https:\/\/j-was-here.com\/de\/#website\",\"url\":\"https:\/\/j-was-here.com\/de\/\",\"name\":\"J WAS HERE\",\"description\":\"family, home &amp; travel\",\"publisher\":{\"@id\":\"https:\/\/j-was-here.com\/de\/#\/schema\/person\/d06410cbae1d35fd8789fd46cc001923\"},\"alternateName\":\"Julia's travels\",\"potentialAction\":[{\"@type\":\"SearchAction\",\"target\":{\"@type\":\"EntryPoint\",\"urlTemplate\":\"https:\/\/j-was-here.com\/de\/?s={search_term_string}\"},\"query-input\":{\"@type\":\"PropertyValueSpecification\",\"valueRequired\":true,\"valueName\":\"search_term_string\"}}],\"inLanguage\":\"de\"},{\"@type\":[\"Person\",\"Organization\"],\"@id\":\"https:\/\/j-was-here.com\/de\/#\/schema\/person\/d06410cbae1d35fd8789fd46cc001923\",\"name\":\"Julia\",\"image\":{\"@type\":\"ImageObject\",\"inLanguage\":\"de\",\"@id\":\"https:\/\/j-was-here.com\/de\/#\/schema\/person\/image\/\",\"url\":\"https:\/\/j-was-here.com\/de\/wp-content\/uploads\/sites\/7\/2022\/12\/j-was-here-logo.jpeg\",\"contentUrl\":\"https:\/\/j-was-here.com\/de\/wp-content\/uploads\/sites\/7\/2022\/12\/j-was-here-logo.jpeg\",\"width\":150,\"height\":150,\"caption\":\"Julia\"},\"logo\":{\"@id\":\"https:\/\/j-was-here.com\/de\/#\/schema\/person\/image\/\"},\"description\":\"Julia is a loving wife and mother with a creative mind, a passion for travel, good design and photography.\",\"sameAs\":[\"http:\/\/julia-renzelmann.de\",\"https:\/\/www.instagram.com\/j_washere\/\",\"https:\/\/www.pinterest.de\/jstayshere\/?invite_code=26d875df9dff4e16a8e9e7736fc5571d\"]}]}<\/script>\n<!-- \/ Yoast SEO plugin. -->","yoast_head_json":{"title":"\u00dcber Julia - Was ist J WAS HERE?","description":"\u00dcber Julia's Blog: \u201cJ WAS HERE wird innerlich zu J STAYS HERE. Ich bin l\u00e4ngst nicht mehr so viel unterwegs wie fr\u00fcher.\u201d","robots":{"index":"index","follow":"follow","max-snippet":"max-snippet:-1","max-image-preview":"max-image-preview:large","max-video-preview":"max-video-preview:-1"},"canonical":"https:\/\/j-was-here.com\/de\/ueber-julia\/","og_locale":"de_DE","og_type":"article","og_title":"\u00dcber Julia - Was ist J WAS HERE?","og_description":"\u00dcber Julia's Blog: \u201cJ WAS HERE wird innerlich zu J STAYS HERE. Ich bin l\u00e4ngst nicht mehr so viel unterwegs wie fr\u00fcher.\u201d","og_url":"https:\/\/j-was-here.com\/de\/ueber-julia\/","og_site_name":"J WAS HERE","article_modified_time":"2023-01-20T21:20:11+00:00","og_image":[{"url":"https:\/\/j-was-here.com\/de\/wp-content\/uploads\/sites\/7\/1710_USA\/1710_USA_filter_00011-1024x683.jpg","type":"","width":"","height":""}],"twitter_card":"summary_large_image","twitter_misc":{"Gesch\u00e4tzte Lesezeit":"3\u00a0Minuten"},"schema":{"@context":"https:\/\/schema.org","@graph":[{"@type":"WebPage","@id":"https:\/\/j-was-here.com\/de\/ueber-julia\/","url":"https:\/\/j-was-here.com\/de\/ueber-julia\/","name":"\u00dcber Julia - Was ist J WAS HERE?","isPartOf":{"@id":"https:\/\/j-was-here.com\/de\/#website"},"primaryImageOfPage":{"@id":"https:\/\/j-was-here.com\/de\/ueber-julia\/#primaryimage"},"image":{"@id":"https:\/\/j-was-here.com\/de\/ueber-julia\/#primaryimage"},"thumbnailUrl":"https:\/\/j-was-here.com\/de\/wp-content\/uploads\/sites\/7\/1710_USA\/1710_USA_filter_00011-1024x683.jpg","datePublished":"2022-11-28T20:20:39+00:00","dateModified":"2023-01-20T21:20:11+00:00","description":"\u00dcber Julia's Blog: \u201cJ WAS HERE wird innerlich zu J STAYS HERE. Ich bin l\u00e4ngst nicht mehr so viel unterwegs wie fr\u00fcher.\u201d","breadcrumb":{"@id":"https:\/\/j-was-here.com\/de\/ueber-julia\/#breadcrumb"},"inLanguage":"de","potentialAction":[{"@type":"ReadAction","target":["https:\/\/j-was-here.com\/de\/ueber-julia\/"]}]},{"@type":"ImageObject","inLanguage":"de","@id":"https:\/\/j-was-here.com\/de\/ueber-julia\/#primaryimage","url":"https:\/\/j-was-here.com\/de\/wp-content\/uploads\/sites\/7\/1710_USA\/1710_USA_filter_00011-scaled.jpg","contentUrl":"https:\/\/j-was-here.com\/de\/wp-content\/uploads\/sites\/7\/1710_USA\/1710_USA_filter_00011-scaled.jpg","width":2560,"height":1707},{"@type":"BreadcrumbList","@id":"https:\/\/j-was-here.com\/de\/ueber-julia\/#breadcrumb","itemListElement":[{"@type":"ListItem","position":1,"name":"Home","item":"https:\/\/j-was-here.com\/de\/"},{"@type":"ListItem","position":2,"name":"\u00dcber Julia"}]},{"@type":"WebSite","@id":"https:\/\/j-was-here.com\/de\/#website","url":"https:\/\/j-was-here.com\/de\/","name":"J WAS HERE","description":"family, home &amp; travel","publisher":{"@id":"https:\/\/j-was-here.com\/de\/#\/schema\/person\/d06410cbae1d35fd8789fd46cc001923"},"alternateName":"Julia's travels","potentialAction":[{"@type":"SearchAction","target":{"@type":"EntryPoint","urlTemplate":"https:\/\/j-was-here.com\/de\/?s={search_term_string}"},"query-input":{"@type":"PropertyValueSpecification","valueRequired":true,"valueName":"search_term_string"}}],"inLanguage":"de"},{"@type":["Person","Organization"],"@id":"https:\/\/j-was-here.com\/de\/#\/schema\/person\/d06410cbae1d35fd8789fd46cc001923","name":"Julia","image":{"@type":"ImageObject","inLanguage":"de","@id":"https:\/\/j-was-here.com\/de\/#\/schema\/person\/image\/","url":"https:\/\/j-was-here.com\/de\/wp-content\/uploads\/sites\/7\/2022\/12\/j-was-here-logo.jpeg","contentUrl":"https:\/\/j-was-here.com\/de\/wp-content\/uploads\/sites\/7\/2022\/12\/j-was-here-logo.jpeg","width":150,"height":150,"caption":"Julia"},"logo":{"@id":"https:\/\/j-was-here.com\/de\/#\/schema\/person\/image\/"},"description":"Julia is a loving wife and mother with a creative mind, a passion for travel, good design and photography.","sameAs":["http:\/\/julia-renzelmann.de","https:\/\/www.instagram.com\/j_washere\/","https:\/\/www.pinterest.de\/jstayshere\/?invite_code=26d875df9dff4e16a8e9e7736fc5571d"]}]}},"_links":{"self":[{"href":"https:\/\/j-was-here.com\/de\/wp-json\/wp\/v2\/pages\/3153"}],"collection":[{"href":"https:\/\/j-was-here.com\/de\/wp-json\/wp\/v2\/pages"}],"about":[{"href":"https:\/\/j-was-here.com\/de\/wp-json\/wp\/v2\/types\/page"}],"author":[{"embeddable":true,"href":"https:\/\/j-was-here.com\/de\/wp-json\/wp\/v2\/users\/1"}],"replies":[{"embeddable":true,"href":"https:\/\/j-was-here.com\/de\/wp-json\/wp\/v2\/comments?post=3153"}],"version-history":[{"count":14,"href":"https:\/\/j-was-here.com\/de\/wp-json\/wp\/v2\/pages\/3153\/revisions"}],"predecessor-version":[{"id":5798,"href":"https:\/\/j-was-here.com\/de\/wp-json\/wp\/v2\/pages\/3153\/revisions\/5798"}],"wp:attachment":[{"href":"https:\/\/j-was-here.com\/de\/wp-json\/wp\/v2\/media?parent=3153"}],"curies":[{"name":"wp","href":"https:\/\/api.w.org\/{rel}","templated":true}]}}